
{"id":6,"date":"2014-08-06T14:23:28","date_gmt":"2014-08-06T13:23:28","guid":{"rendered":"http:\/\/www.bevr.fr\/?page_id=6"},"modified":"2014-08-07T17:54:04","modified_gmt":"2014-08-07T15:54:04","slug":"accueil","status":"publish","type":"page","link":"https:\/\/www.bevr.fr\/","title":{"rendered":"Accueil"},"content":{"rendered":"<p align=\"LEFT\"><strong>1- Qui sommes nous\u00a0?<\/strong><\/p>\n<p align=\"LEFT\">La BEVR est un groupement de professionnels pratiquant la bio\u00e9lectronique Vincent, soit en sant\u00e9 humaine, soit dans le domaine agricole, maraicher ou viticole.<\/p>\n<p align=\"LEFT\"><strong>2- Qu&rsquo;est-ce que la bio\u00e9lectronique R\u00e9nov\u00e9e\u00a0?<\/strong><\/p>\n<p align=\"LEFT\">C&rsquo;est par leur pratique quotidienne des mesures bio\u00e9lectroniques, pour certains depuis plus de dix ans, que ces professionnels ont \u00e9t\u00e9 amen\u00e9s \u00e0 faire \u00e9voluer les principes de base de la m\u00e9thode pos\u00e9s par les fondateurs L.CL.Vincent et Jeanne Rousseau.<\/p>\n<p align=\"LEFT\">La BEVR s&rsquo;appuie toujours sur ces principes fondamentaux (mesure du pH, des mV et du R), mais en y apportant une vision plus \u00ab\u00a0dynamique\u00a0\u00bb d&rsquo;une part\u00a0; et d&rsquo;autre part en adaptant les param\u00e8tres de base \u00e0 l&rsquo;\u00e9volution de l&rsquo;environnement et du terrain qui a op\u00e9r\u00e9e depuis la cr\u00e9ation de la m\u00e9thode.<\/p>\n<p align=\"LEFT\">Le terme \u00ab\u00a0dynamique\u00a0\u00bb fait surtout r\u00e9f\u00e9rence \u00e0 la notion de mouvement.C&rsquo;est bien de ce mouvement entre les param\u00e8tres dont il faut tenir compte, avant m\u00eame d&rsquo;envisager les param\u00e8tres eux-m\u00eames.<\/p>\n<p align=\"LEFT\">A l&rsquo;\u00e9poque o\u00f9 la science cherche l&rsquo;infiniment petit, avec toute la complexit\u00e9 qui en d\u00e9coule, pour tenter de rem\u00e9dier, soigner ou gu\u00e9rir\u00a0; la BEVR propose de consid\u00e9rer la globalit\u00e9 du milieu vivant, dans son aspect dynamique et de lui permettre de retrouver le mouvement pour envisager une auto r\u00e9gulation du milieu.<\/p>\n<p align=\"LEFT\">L&rsquo;hom\u00e9ostasie d&rsquo;un milieu est complexe.<\/p>\n<p align=\"LEFT\">La BEVR identifie, par les mesures, les facteurs globaux de d\u00e9s\u00e9quilibre, et propose par des conseils simples, de relancer un mouvement qui permettra au milieu de s&rsquo;auto-r\u00e9guler.<\/p>\n<p align=\"LEFT\"><strong>3- Nos objectifs<\/strong><\/p>\n<p align=\"LEFT\">L&rsquo;objectif primordial de la BEVR est de faire conna\u00eetre la bio\u00e9lectronique dans son aspect r\u00e9nov\u00e9, aupr\u00e8s d&rsquo;un tr\u00e8s large public de professionnels et de particuliers.<\/p>\n<p align=\"LEFT\">De permettre \u00e9galement l&rsquo;acc\u00e8s \u00e0 cette m\u00e9thode, dans ses aspects pratiques \u00e0 tout un chacun.<\/p>\n<p align=\"LEFT\">Exp\u00e9rimenter sur soi, ses cultures, ses plantes, pour constater toute l&rsquo;efficacit\u00e9 et toute la simplicit\u00e9 de la m\u00e9thode.<\/p>\n<p align=\"LEFT\"><strong>4- Pour mener nos objectifs<\/strong><\/p>\n<ul>\n<li>\n<p align=\"LEFT\">diffusion d&rsquo;articles dans des revues sp\u00e9cialis\u00e9es et sur notre site internet www.BEVR.fr<\/p>\n<\/li>\n<li>\n<p align=\"LEFT\">conf\u00e9rences, interventions de pr\u00e9sentation dans les \u00e9coles de naturopathie, d&rsquo;ost\u00e9opathie, de m\u00e9decine chinoise, dans les lyc\u00e9es agricoles&#8230;<\/p>\n<\/li>\n<li>\n<p align=\"LEFT\">formations professionnelles pour les th\u00e9rapeutes ou le monde agricole et viticole<\/p>\n<\/li>\n<li>\n<p align=\"LEFT\">prise de contact dans des coop\u00e9ratives viticoles et agricoles<\/p>\n<\/li>\n<li>\n<p align=\"LEFT\">accueil de stagiaires aupr\u00e8s des praticiens du groupement<\/p>\n<\/li>\n<li>\n<p align=\"LEFT\">mesures BEV<\/p>\n<\/li>\n<li>\n<p align=\"LEFT\">formation de techniciens en BEV<\/p>\n<\/li>\n<\/ul>\n","protected":false},"excerpt":{"rendered":"<p>1- Qui sommes nous\u00a0? La BEVR est un groupement de professionnels pratiquant la bio\u00e9lectronique Vincent, soit en sant\u00e9 humaine, soit dans le domaine agricole, maraicher ou viticole. 2- Qu&rsquo;est-ce que la bio\u00e9lectronique R\u00e9nov\u00e9e\u00a0? C&rsquo;est par leur pratique quotidienne des mesures bio\u00e9lectroniques, pour certains depuis plus de dix ans, que ces professionnels ont \u00e9t\u00e9 amen\u00e9s \u00e0 &hellip; <a href=\"https:\/\/www.bevr.fr\/\" class=\"more-link\">Continuer la lecture de <span class=\"screen-reader-text\">Accueil<\/span> <span class=\"meta-nav\">&rarr;<\/span><\/a><\/p>\n","protected":false},"author":1,"featured_media":0,"parent":0,"menu_order":0,"comment_status":"closed","ping_status":"open","template":"","meta":{"footnotes":""},"class_list":["post-6","page","type-page","status-publish","hentry"],"_links":{"self":[{"href":"https:\/\/www.bevr.fr\/index.php?rest_route=\/wp\/v2\/pages\/6","targetHints":{"allow":["GET"]}}],"collection":[{"href":"https:\/\/www.bevr.fr\/index.php?rest_route=\/wp\/v2\/pages"}],"about":[{"href":"https:\/\/www.bevr.fr\/index.php?rest_route=\/wp\/v2\/types\/page"}],"author":[{"embeddable":true,"href":"https:\/\/www.bevr.fr\/index.php?rest_route=\/wp\/v2\/users\/1"}],"replies":[{"embeddable":true,"href":"https:\/\/www.bevr.fr\/index.php?rest_route=%2Fwp%2Fv2%2Fcomments&post=6"}],"version-history":[{"count":5,"href":"https:\/\/www.bevr.fr\/index.php?rest_route=\/wp\/v2\/pages\/6\/revisions"}],"predecessor-version":[{"id":31,"href":"https:\/\/www.bevr.fr\/index.php?rest_route=\/wp\/v2\/pages\/6\/revisions\/31"}],"wp:attachment":[{"href":"https:\/\/www.bevr.fr\/index.php?rest_route=%2Fwp%2Fv2%2Fmedia&parent=6"}],"curies":[{"name":"wp","href":"https:\/\/api.w.org\/{rel}","templated":true}]}}