
{"id":425,"date":"2019-11-18T11:28:20","date_gmt":"2019-11-18T10:28:20","guid":{"rendered":"http:\/\/www.bevr.fr\/?page_id=425"},"modified":"2021-05-02T10:09:18","modified_gmt":"2021-05-02T08:09:18","slug":"en-video","status":"publish","type":"page","link":"https:\/\/www.bevr.fr\/?page_id=425","title":{"rendered":"En vid\u00e9o"},"content":{"rendered":"\n<figure class=\"wp-block-embed is-type-video is-provider-youtube wp-block-embed-youtube wp-embed-aspect-16-9 wp-has-aspect-ratio\"><div class=\"wp-block-embed__wrapper\">\n<iframe loading=\"lazy\" title=\"Mesures bio\u00e9lectroniques agricoles\" width=\"604\" height=\"340\" src=\"https:\/\/www.youtube.com\/embed\/uvOATCr6dTI?feature=oembed\" frameborder=\"0\" allow=\"accelerometer; autoplay; clipboard-write; encrypted-media; gyroscope; picture-in-picture; web-share\" referrerpolicy=\"strict-origin-when-cross-origin\" allowfullscreen><\/iframe>\n<\/div><figcaption>Pr\u00e9sentation du mat\u00e9riel de mesures et de la pratique au champs<\/figcaption><\/figure>\n\n\n\n<p><\/p>\n\n\n\n<p>Conf\u00e9rence : utilisation de la Bio\u00e9lectronique en \u00e9levage &#8211; 17 avril 2020<\/p>\n\n\n\n<p><\/p>\n\n\n\n<figure class=\"wp-block-embed is-type-video is-provider-youtube wp-block-embed-youtube wp-embed-aspect-16-9 wp-has-aspect-ratio\"><div class=\"wp-block-embed__wrapper\">\n<iframe loading=\"lazy\" title=\"Conf\u00e9rence : utilisation de la Bio\u00e9lectronique en \u00e9levage\" width=\"604\" height=\"340\" src=\"https:\/\/www.youtube.com\/embed\/gcnhoAjeyO8?feature=oembed\" frameborder=\"0\" allow=\"accelerometer; autoplay; clipboard-write; encrypted-media; gyroscope; picture-in-picture; web-share\" referrerpolicy=\"strict-origin-when-cross-origin\" allowfullscreen><\/iframe>\n<\/div><\/figure>\n\n\n\n<p>Bio\u00e9lectronicien, un m\u00e9tier scientifique, un mode de pens\u00e9e unique &#8211; Mars 2020<\/p>\n\n\n\n<figure class=\"wp-block-embed is-type-video is-provider-youtube wp-block-embed-youtube wp-embed-aspect-16-9 wp-has-aspect-ratio\"><div class=\"wp-block-embed__wrapper\">\n<iframe loading=\"lazy\" title=\"Bio\u00e9lectronicien, un m\u00e9tier scientifique, un mode de pens\u00e9e unique\" width=\"604\" height=\"340\" src=\"https:\/\/www.youtube.com\/embed\/VanRumDjoGM?feature=oembed\" frameborder=\"0\" allow=\"accelerometer; autoplay; clipboard-write; encrypted-media; gyroscope; picture-in-picture; web-share\" referrerpolicy=\"strict-origin-when-cross-origin\" allowfullscreen><\/iframe>\n<\/div><\/figure>\n\n\n\n<p>Conf\u00e9rence donn\u00e9e par Laurence Gallais et Pascal Hersigny le 12 novembre 2019.<\/p>\n\n\n\n<pre class=\"wp-block-preformatted\"><iframe loading=\"lazy\" width=\"560\" height=\"315\" src=\"https:\/\/www.youtube.com\/embed\/0dkiRb7qw0Y\" frameborder=\"0\" allow=\"accelerometer; autoplay; encrypted-media; gyroscope; picture-in-picture\" allowfullscreen=\"\"><\/iframe><\/pre>\n","protected":false},"excerpt":{"rendered":"<p>Conf\u00e9rence : utilisation de la Bio\u00e9lectronique en \u00e9levage &#8211; 17 avril 2020 Bio\u00e9lectronicien, un m\u00e9tier scientifique, un mode de pens\u00e9e unique &#8211; Mars 2020 Conf\u00e9rence donn\u00e9e par Laurence Gallais et Pascal Hersigny le 12 novembre 2019.<\/p>\n","protected":false},"author":1,"featured_media":0,"parent":0,"menu_order":0,"comment_status":"closed","ping_status":"closed","template":"","meta":{"footnotes":""},"class_list":["post-425","page","type-page","status-publish","hentry"],"_links":{"self":[{"href":"https:\/\/www.bevr.fr\/index.php?rest_route=\/wp\/v2\/pages\/425","targetHints":{"allow":["GET"]}}],"collection":[{"href":"https:\/\/www.bevr.fr\/index.php?rest_route=\/wp\/v2\/pages"}],"about":[{"href":"https:\/\/www.bevr.fr\/index.php?rest_route=\/wp\/v2\/types\/page"}],"author":[{"embeddable":true,"href":"https:\/\/www.bevr.fr\/index.php?rest_route=\/wp\/v2\/users\/1"}],"replies":[{"embeddable":true,"href":"https:\/\/www.bevr.fr\/index.php?rest_route=%2Fwp%2Fv2%2Fcomments&post=425"}],"version-history":[{"count":7,"href":"https:\/\/www.bevr.fr\/index.php?rest_route=\/wp\/v2\/pages\/425\/revisions"}],"predecessor-version":[{"id":531,"href":"https:\/\/www.bevr.fr\/index.php?rest_route=\/wp\/v2\/pages\/425\/revisions\/531"}],"wp:attachment":[{"href":"https:\/\/www.bevr.fr\/index.php?rest_route=%2Fwp%2Fv2%2Fmedia&parent=425"}],"curies":[{"name":"wp","href":"https:\/\/api.w.org\/{rel}","templated":true}]}}