
{"id":362,"date":"2019-03-28T09:18:19","date_gmt":"2019-03-28T08:18:19","guid":{"rendered":"http:\/\/www.bevr.fr\/?page_id=362"},"modified":"2019-03-28T09:18:19","modified_gmt":"2019-03-28T08:18:19","slug":"politique-de-confidentialite","status":"publish","type":"page","link":"https:\/\/www.bevr.fr\/?page_id=362","title":{"rendered":"Politique de confidentialit\u00e9"},"content":{"rendered":"\n<p>Dans le cadre de la RGDP, tous les membres ont un droit d\u2019acc\u00e8s, de rectification, d\u2019opposition et de portabilit\u00e9 des donn\u00e9es les concernant.<\/p>\n\n\n\n<p>Charte sur la politique de protection des donn\u00e9es personnelles<\/p>\n\n\n\n<p>BEVR est une association de fait et les personnes physiques, qui participent \u00e0 la vie de l\u2019association, appel\u00e9s \u00ab ADHERENTS \u00bb.<br>Politique de protection des donn\u00e9es personnelles applicable \u00e0 compter du 25 mai 2018<br>BEVR respecte l\u2019ensemble des dispositions r\u00e9glementaires et l\u00e9gislatives fran\u00e7aises et europ\u00e9ennes<br>relatives \u00e0 la protection des donn\u00e9es personnelles de ses adh\u00e9rents :<\/p>\n\n\n\n<ul class=\"wp-block-list\"><li>Chaque adh\u00e9rent de BEVR reste ma\u00eetre de ses donn\u00e9es. BEVR n\u2019en dispose pas librement.<\/li><li>Elles sont trait\u00e9es de mani\u00e8re transparente, confidentielle et s\u00e9curis\u00e9e.<\/li><li>BEVR est engag\u00e9 dans une d\u00e9marche continue de protection des donn\u00e9es de ses adh\u00e9rents, en conformit\u00e9 avec la Loi Informatique et Libert\u00e9s du 6 janvier 1978 modifi\u00e9e (ci-apr\u00e8s \u00ab LIL \u00bb) et du R\u00e8glement (UE) g\u00e9n\u00e9ral<br>sur la protection des donn\u00e9es du 27 avril 2016 (ci-apr\u00e8s \u00ab RGPD \u00bb).<\/li><li>BEVR dispose d\u2019un DPO (Data Protection Officer d\u00e9clar\u00e9 aupr\u00e8s de la CNIL).<\/li><\/ul>\n\n\n\n<p>COLLECTE &amp; ORIGINE DES DONNEES<br>Toutes les donn\u00e9es concernant les adh\u00e9rents sont collect\u00e9es directement aupr\u00e8s de ces derniers, lors de leur demande d\u2019adh\u00e9sion aupr\u00e8s de BEVR.<br>BEVR s\u2019engage \u00e0 recueillir le consentement de ses Utilisateurs et\/ou \u00e0 leur permettre de s\u2019opposer \u00e0 l\u2019utilisation de leurs donn\u00e9es.<br>Dans tous les cas, les Utilisateurs sont inform\u00e9s des finalit\u00e9s pour lesquelles leurs donn\u00e9es sont collect\u00e9es via les diff\u00e9rents formulaires de collecte.<\/p>\n\n\n\n<p>TYPES DE DONN\u00c9ES TRAIT\u00c9ES<br>BEVR traite les donn\u00e9es suivantes :<\/p>\n\n\n\n<ul class=\"wp-block-list\"><li>Nom, pr\u00e9nom, date et lieu de naissance, date de d\u00e9c\u00e8s<\/li><li>Num\u00e9ro de t\u00e9l\u00e9phone fixe et mobile, adresse email, adresse postale.<\/li><li>Activit\u00e9 professionnelle<\/li><\/ul>\n\n\n\n<p>FINALITE DES DONNEES COLLECTEES<br>Les donn\u00e9es personnelles collect\u00e9es sont n\u00e9cessaires au suivi administratif des adh\u00e9rents de BEVR ;<br>Elles pourront \u00eatre utilis\u00e9es par BEVR pour acheminer des informations sur les manifestations organis\u00e9es ou non par elle-m\u00eame.<\/p>\n\n\n\n<p>NON-COMMUNICATION DES DONN\u00c9ES PERSONNELLES<br>Les Donn\u00e9es Personnelles de l\u2019adh\u00e9rent ne seront pas transmises \u00e0 des acteurs commerciaux ou publicitaires.<\/p>\n\n\n\n<p>DUREE DE CONSERVATION DES DONNEES<br>BEVR conserve les donn\u00e9es personnelles conform\u00e9ment aux prescriptions l\u00e9gales.<\/p>\n\n\n\n<p>LES DROITS DES ADHERENTS<br>Conform\u00e9ment \u00e0 la r\u00e9glementation europ\u00e9enne en vigueur, les adh\u00e9rents disposent des droits suivants :<\/p>\n\n\n\n<ul class=\"wp-block-list\"><li>droit d\u2019acc\u00e8s et de rectification, de mise \u00e0 jour, de compl\u00e9tude des donn\u00e9es des Adh\u00e9rents<\/li><li>lorsqu\u2019elles sont inexactes, incompl\u00e8tes, \u00e9quivoques, p\u00e9rim\u00e9es droit de retirer \u00e0 tout moment un consentement<\/li><li>droit de d\u00e9finir le sort des donn\u00e9es d\u00e8s que BEVR a connaissance du d\u00e9c\u00e8s d\u2019un adh\u00e9rent et \u00e0 d\u00e9faut d\u2019instructions de sa part, BEVR s\u2019engage \u00e0 d\u00e9truire ses donn\u00e9es, sauf si leur conservation s\u2019av\u00e8re n\u00e9cessaire \u00e0 des fins probatoires.<br>L\u2019adh\u00e9rent peut contacter le DPO par le formulaire de contact du site internet de l\u2019association.<\/li><\/ul>\n\n\n\n<p>S\u00c9CURIT\u00c9<br>BEVR met en oeuvre toutes les mesures techniques et organisationnelles afin d\u2019assurer la s\u00e9curit\u00e9 des traitements de donn\u00e9es \u00e0 caract\u00e8re personnel et la confidentialit\u00e9 de Donn\u00e9es Personnelles.<\/p>\n\n\n\n<p>R\u00e9dig\u00e9 le 25 mai 2018 pour valoir et servir ce que de droit.<\/p>\n","protected":false},"excerpt":{"rendered":"<p>Dans le cadre de la RGDP, tous les membres ont un droit d\u2019acc\u00e8s, de rectification, d\u2019opposition et de portabilit\u00e9 des donn\u00e9es les concernant. Charte sur la politique de protection des donn\u00e9es personnelles BEVR est une association de fait et les personnes physiques, qui participent \u00e0 la vie de l\u2019association, appel\u00e9s \u00ab ADHERENTS \u00bb.Politique de protection &hellip; <a href=\"https:\/\/www.bevr.fr\/?page_id=362\" class=\"more-link\">Continuer la lecture de <span class=\"screen-reader-text\">Politique de confidentialit\u00e9<\/span> <span class=\"meta-nav\">&rarr;<\/span><\/a><\/p>\n","protected":false},"author":1,"featured_media":0,"parent":0,"menu_order":0,"comment_status":"closed","ping_status":"closed","template":"","meta":{"footnotes":""},"class_list":["post-362","page","type-page","status-publish","hentry"],"_links":{"self":[{"href":"https:\/\/www.bevr.fr\/index.php?rest_route=\/wp\/v2\/pages\/362","targetHints":{"allow":["GET"]}}],"collection":[{"href":"https:\/\/www.bevr.fr\/index.php?rest_route=\/wp\/v2\/pages"}],"about":[{"href":"https:\/\/www.bevr.fr\/index.php?rest_route=\/wp\/v2\/types\/page"}],"author":[{"embeddable":true,"href":"https:\/\/www.bevr.fr\/index.php?rest_route=\/wp\/v2\/users\/1"}],"replies":[{"embeddable":true,"href":"https:\/\/www.bevr.fr\/index.php?rest_route=%2Fwp%2Fv2%2Fcomments&post=362"}],"version-history":[{"count":1,"href":"https:\/\/www.bevr.fr\/index.php?rest_route=\/wp\/v2\/pages\/362\/revisions"}],"predecessor-version":[{"id":363,"href":"https:\/\/www.bevr.fr\/index.php?rest_route=\/wp\/v2\/pages\/362\/revisions\/363"}],"wp:attachment":[{"href":"https:\/\/www.bevr.fr\/index.php?rest_route=%2Fwp%2Fv2%2Fmedia&parent=362"}],"curies":[{"name":"wp","href":"https:\/\/api.w.org\/{rel}","templated":true}]}}